{"id":4916,"date":"2026-03-03T21:46:13","date_gmt":"2026-03-03T21:46:13","guid":{"rendered":"https:\/\/tadro.at\/?page_id=4916"},"modified":"2026-03-06T20:22:21","modified_gmt":"2026-03-06T20:22:21","slug":"impressum","status":"publish","type":"page","link":"https:\/\/tadro.at\/en\/impressum\/","title":{"rendered":"Impressum"},"content":{"rendered":"<div data-elementor-type=\"wp-page\" data-elementor-id=\"4916\" class=\"elementor elementor-4916\" data-elementor-post-type=\"page\">\n\t\t\t\t<div class=\"elementor-element elementor-element-22f1e32 e-flex e-con-boxed parallax_section_no qode_elementor_container_no e-con e-parent\" data-id=\"22f1e32\" data-element_type=\"container\" data-e-type=\"container\">\n\t\t\t\t\t<div class=\"e-con-inner\">\n\t\t\t\t<div class=\"elementor-element elementor-element-bdbfa21 elementor-widget elementor-widget-html\" data-id=\"bdbfa21\" data-element_type=\"widget\" data-e-type=\"widget\" data-widget_type=\"html.default\">\n\t\t\t\t\t<section class=\"tadro-impressum\" aria-label=\"Impressum\">\r\n  <div class=\"tadro-impressum__inner\">\r\n    <h1 class=\"tadro-impressum__title\">Impressum<\/h1>\r\n\r\n    <p class=\"tadro-impressum__note\">\r\n      <strong>Wichtiger Hinweis:<\/strong> Diese Impressum-Vorlage wurde mit gr\u00f6\u00dfter Sorgfalt erstellt.\r\n      Dennoch \u00fcbernehmen wir keine Gew\u00e4hr f\u00fcr die Vollst\u00e4ndigkeit und Richtigkeit der Inhalte sowie f\u00fcr deren Rechtssicherheit.\r\n      Es liegt in der Verantwortung des Nutzers, die Vorlage eigenst\u00e4ndig an die jeweils geltenden gesetzlichen Bestimmungen anzupassen\r\n      und auf ihre Aktualit\u00e4t zu pr\u00fcfen. Eine Haftung f\u00fcr Sch\u00e4den, die direkt oder indirekt aus der Nutzung dieser Vorlage entstehen,\r\n      wird ausgeschlossen.\r\n    <\/p>\r\n\r\n    <div class=\"tadro-impressum__grid\">\r\n      <div class=\"tadro-impressum__card\">\r\n        <h2 class=\"tadro-impressum__h\">Website-Betreiber<\/h2>\r\n        <p class=\"tadro-impressum__p\">\r\n          Tadro GmbH<br>\r\n          Arnikaweg 37<br>\r\n          1220, Wien<br>\r\n          \u00d6sterreich\r\n        <\/p>\r\n      <\/div>\r\n\r\n      <div class=\"tadro-impressum__card\">\r\n        <h2 class=\"tadro-impressum__h\">Kontaktinformationen<\/h2>\r\n        <p class=\"tadro-impressum__p\">\r\n          Telefon: <a class=\"tadro-impressum__a\" href=\"tel:+4369917279638\">+43 69917279638<\/a><br>\r\n          E-Mail: <a class=\"tadro-impressum__a\" href=\"mailto:office@tadro.at\">office@tadro.at<\/a><br>\r\n          Website: <a class=\"tadro-impressum__a\" href=\"https:\/\/tadro.at\/en\/\" target=\"_blank\" rel=\"noopener\">www.tadro.at<\/a>\r\n        <\/p>\r\n      <\/div>\r\n\r\n      <div class=\"tadro-impressum__card\">\r\n        <h2 class=\"tadro-impressum__h\">Vertretungsberechtigte Person<\/h2>\r\n        <p class=\"tadro-impressum__p\">Karmi Hanna<\/p>\r\n      <\/div>\r\n\r\n      <div class=\"tadro-impressum__card\">\r\n        <h2 class=\"tadro-impressum__h\">Unternehmensregistrierung<\/h2>\r\n        <p class=\"tadro-impressum__p\">\r\n          Registergericht: Handelsgericht Wien<br>\r\n          Handelsregisternummer: FN 660954 t<br>\r\n          Umsatzsteuer-ID gem\u00e4\u00df \u00a7 27a UStG: ATU82492036<br>\r\n          Gesch\u00e4ftsf\u00fchrer: Karmi Hanna\r\n        <\/p>\r\n      <\/div>\r\n\r\n      <div class=\"tadro-impressum__card tadro-impressum__card--full\">\r\n        <h2 class=\"tadro-impressum__h\">Unternehmensgegenstand &amp; Gewerbeberechtigungen<\/h2>\r\n        <ul class=\"tadro-impressum__ul\">\r\n          <li>Herstellung und Handel mit Nahrungserg\u00e4nzungsmitteln (und Kosmetik)<\/li>\r\n          <li>Erzeugung von Nahrungserg\u00e4nzungsmitteln<\/li>\r\n          <li>Erzeugung von kosmetischen Artikeln<\/li>\r\n        <\/ul>\r\n      <\/div>\r\n\r\n      <div class=\"tadro-impressum__card\">\r\n        <h2 class=\"tadro-impressum__h\">Kammerzugeh\u00f6rigkeit<\/h2>\r\n        <p class=\"tadro-impressum__p\">\r\n          Mitglied der Wirtschaftskammer Wien, Fachgruppe Lebensmittelgewerbe\r\n        <\/p>\r\n      <\/div>\r\n\r\n      <div class=\"tadro-impressum__card\">\r\n        <h2 class=\"tadro-impressum__h\">Anwendbare Rechtsvorschriften (Auszug)<\/h2>\r\n        <p class=\"tadro-impressum__p\">\r\n          Gewerbeordnung (GewO), Unternehmensgesetzbuch (UGB), E-Commerce-Gesetz (ECG),\r\n          Lebensmittelsicherheits- und Verbraucherschutzgesetz (LMSVG),\r\n          Lebensmittelinformationsverordnung (EU) Nr. 1169\/2011.\r\n        <\/p>\r\n      <\/div>\r\n\r\n      <div class=\"tadro-impressum__card\">\r\n        <h2 class=\"tadro-impressum__h\">Online-Streitbeilegung (B2C)<\/h2>\r\n        <p class=\"tadro-impressum__p\">\r\n          Verbraucher k\u00f6nnen Beschwerden an die Online-Streitbeilegungsplattform der EU richten:\r\n          <a class=\"tadro-impressum__a\" href=\"https:\/\/ec.europa.eu\/odr\" target=\"_blank\" rel=\"noopener\">https:\/\/ec.europa.eu\/odr<\/a>.\r\n          Wir sind nicht verpflichtet und nicht bereit, an einem Streitbeilegungsverfahren vor einer\r\n          Verbraucherschlichtungsstelle teilzunehmen.\r\n        <\/p>\r\n      <\/div>\r\n    <\/div>\r\n\r\n    <p class=\"tadro-impressum__updated\">\r\n      Letzte Aktualisierung: <strong>02.03.2026<\/strong>\r\n    <\/p>\r\n  <\/div>\r\n<\/section>\r\n\r\n<style>\r\n@import url('https:\/\/fonts.googleapis.com\/css2?family=Cinzel+Decorative:wght@400&display=swap');\r\n\r\n:root{\r\n  --tadro-bg:#f6f0e8;\r\n  --tadro-ink:#402d1d;\r\n  --tadro-gold:#d8c08a;\r\n}\r\n\r\n\/* ===== FULL WIDTH BACKGROUND ===== *\/\r\n.tadro-impressum{\r\n  width: 100vw;\r\n  margin-left: calc(50% - 50vw); \/* forces full width inside Elementor container *\/\r\n  background: var(--tadro-bg);\r\n  padding: clamp(36px, 5vw, 80px) 0;\r\n}\r\n\r\n\/* Inner container *\/\r\n.tadro-impressum__inner{\r\n  width: min(1100px, 92vw);\r\n  margin: 0 auto;\r\n}\r\n\r\n\/* Title *\/\r\n.tadro-impressum__title{\r\n  margin: 0 0 18px;\r\n  font-family: 'Cinzel Decorative', serif;\r\n  font-weight: 400;\r\n  letter-spacing: .14em;\r\n  color: var(--tadro-ink);\r\n  font-size: clamp(30px, 3.4vw, 58px);\r\n  text-transform: none !important;\r\n}\r\n\r\n\/* Important note *\/\r\n.tadro-impressum__note{\r\n  margin: 0 0 28px;\r\n  padding: 18px 18px;\r\n  border-left: 3px solid rgba(216,192,138,0.9);\r\n  background: rgba(255,255,255,0.35);\r\n  color: rgba(64,45,29,0.88);\r\n  line-height: 1.8;\r\n  font-size: 15px;\r\n}\r\n\r\n\/* Grid cards *\/\r\n.tadro-impressum__grid{\r\n  display: grid;\r\n  grid-template-columns: repeat(2, 1fr);\r\n  gap: 18px;\r\n}\r\n\r\n.tadro-impressum__card{\r\n  background: rgba(255,255,255,0.35);\r\n  border: 1px solid rgba(64,45,29,0.10);\r\n  padding: 18px 18px;\r\n}\r\n\r\n\/* Make the Gewerbeberechtigungen card full width if you want *\/\r\n.tadro-impressum__card--full{\r\n  grid-column: 1 \/ -1;\r\n}\r\n\r\n.tadro-impressum__h{\r\n  margin: 0 0 10px;\r\n  font-family: 'Cinzel Decorative', serif;\r\n  font-weight: 400;\r\n  letter-spacing: .10em;\r\n  color: var(--tadro-ink);\r\n  font-size: 18px;\r\n  text-transform: none !important;\r\n}\r\n\r\n\/* Text + list use SAME font now *\/\r\n.tadro-impressum__p,\r\n.tadro-impressum__ul,\r\n.tadro-impressum__ul li{\r\n  font-family: 'Cinzel Decorative', serif; \/* \u2705 same font *\/\r\n  font-weight: 400;\r\n  letter-spacing: .06em;\r\n  color: rgba(64,45,29,0.86);\r\n  line-height: 1.8;\r\n  font-size: 15px;\r\n  margin: 0;\r\n}\r\n\r\n.tadro-impressum__ul{\r\n  padding-left: 22px;\r\n  margin: 0;\r\n}\r\n\r\n.tadro-impressum__ul li{\r\n  margin-bottom: 8px;\r\n}\r\n\r\n\/* Links *\/\r\n.tadro-impressum__a{\r\n  color: rgba(64,45,29,0.92);\r\n  text-decoration: underline;\r\n  text-decoration-color: rgba(216,192,138,0.9);\r\n  text-underline-offset: 3px;\r\n}\r\n.tadro-impressum__a:hover{\r\n  color: var(--tadro-ink);\r\n  text-decoration-color: rgba(216,192,138,1);\r\n}\r\n\r\n\/* Updated *\/\r\n.tadro-impressum__updated{\r\n  margin: 26px 0 0;\r\n  font-family: 'Cinzel Decorative', serif;\r\n  font-weight: 400;\r\n  letter-spacing: .10em;\r\n  color: rgba(64,45,29,0.82);\r\n  font-size: 14px;\r\n}\r\n\r\n\/* Responsive *\/\r\n@media (max-width: 900px){\r\n  .tadro-impressum__grid{\r\n    grid-template-columns: 1fr;\r\n  }\r\n  .tadro-impressum__card--full{\r\n    grid-column: auto;\r\n  }\r\n}\r\n<\/style>\t\t\t\t<\/div>\n\t\t\t\t\t<\/div>\n\t\t\t\t<\/div>\n\t\t\t\t<\/div>","protected":false},"excerpt":{"rendered":"<p>Impressum Wichtiger Hinweis: Diese Impressum-Vorlage wurde mit gr\u00f6\u00dfter Sorgfalt erstellt. Dennoch \u00fcbernehmen wir keine Gew\u00e4hr f\u00fcr die Vollst\u00e4ndigkeit und Richtigkeit der Inhalte sowie f\u00fcr deren Rechtssicherheit. Es liegt in der Verantwortung des Nutzers, die Vorlage eigenst\u00e4ndig an die jeweils geltenden gesetzlichen Bestimmungen anzupassen und auf ihre Aktualit\u00e4t zu pr\u00fcfen. Eine Haftung f\u00fcr&#8230;<\/p>","protected":false},"author":1,"featured_media":0,"parent":0,"menu_order":0,"comment_status":"closed","ping_status":"closed","template":"","meta":{"_acf_changed":false,"content-type":"","footnotes":""},"class_list":["post-4916","page","type-page","status-publish","hentry"],"acf":[],"_links":{"self":[{"href":"https:\/\/tadro.at\/en\/wp-json\/wp\/v2\/pages\/4916","targetHints":{"allow":["GET"]}}],"collection":[{"href":"https:\/\/tadro.at\/en\/wp-json\/wp\/v2\/pages"}],"about":[{"href":"https:\/\/tadro.at\/en\/wp-json\/wp\/v2\/types\/page"}],"author":[{"embeddable":true,"href":"https:\/\/tadro.at\/en\/wp-json\/wp\/v2\/users\/1"}],"replies":[{"embeddable":true,"href":"https:\/\/tadro.at\/en\/wp-json\/wp\/v2\/comments?post=4916"}],"version-history":[{"count":13,"href":"https:\/\/tadro.at\/en\/wp-json\/wp\/v2\/pages\/4916\/revisions"}],"predecessor-version":[{"id":5098,"href":"https:\/\/tadro.at\/en\/wp-json\/wp\/v2\/pages\/4916\/revisions\/5098"}],"wp:attachment":[{"href":"https:\/\/tadro.at\/en\/wp-json\/wp\/v2\/media?parent=4916"}],"curies":[{"name":"wp","href":"https:\/\/api.w.org\/{rel}","templated":true}]}}