{"id":4943,"date":"2026-03-04T10:08:14","date_gmt":"2026-03-04T10:08:14","guid":{"rendered":"https:\/\/tadro.at\/?page_id=4943"},"modified":"2026-03-10T12:29:09","modified_gmt":"2026-03-10T12:29:09","slug":"ueber-uns","status":"publish","type":"page","link":"https:\/\/tadro.at\/en\/ueber-uns\/","title":{"rendered":"\u00dcber\u00a0Uns"},"content":{"rendered":"<div data-elementor-type=\"wp-page\" data-elementor-id=\"4943\" class=\"elementor elementor-4943\" data-elementor-post-type=\"page\">\n\t\t\t\t<div class=\"elementor-element elementor-element-791c67f e-flex e-con-boxed parallax_section_no qode_elementor_container_no e-con e-parent\" data-id=\"791c67f\" data-element_type=\"container\" data-e-type=\"container\">\n\t\t\t\t\t<div class=\"e-con-inner\">\n\t\t\t\t<div class=\"elementor-element elementor-element-06ba81e elementor-widget elementor-widget-html\" data-id=\"06ba81e\" data-element_type=\"widget\" data-e-type=\"widget\" data-widget_type=\"html.default\">\n\t\t\t\t\t<section class=\"tadro-about\" aria-label=\"\u00dcber Tadro\">\r\n  <div class=\"tadro-about__inner\">\r\n\r\n    <!-- HERO IMAGE -->\r\n    <div class=\"tadro-about__hero\">\r\n      <img decoding=\"async\" src=\"https:\/\/tadro.at\/wp-content\/uploads\/2026\/03\/hero-about.png\" alt=\"Tadro Qualit\u00e4t\">\r\n    <\/div>\r\n\r\n    <h1 class=\"tadro-about__title\">\u00dcber Uns<\/h1>\r\n\r\n    <p class=\"tadro-about__lead\">\r\n      TADRO ist eine \u00f6sterreichische Premium-Marke f\u00fcr Nahrungserg\u00e4nzungsmittel und funktionelle Gesundheitsl\u00f6sungen.\r\n    <\/p>\r\n\r\n    <p class=\"tadro-about__p\">\r\n      Wir arbeiten mit \u00c4rzt:innen, Pharmazeut:innen und Ern\u00e4hrungswissenschaftler:innen zusammen,\r\n      um moderne, alltagstaugliche Formulierungen zu schaffen.\r\n    <\/p>\r\n\r\n    <p class=\"tadro-about__p\">\r\n      Unsere Mission ist es, Produkte zu entwickeln, die wirksam, vertr\u00e4glich,\r\n      verst\u00e4ndlich und vertrauensw\u00fcrdig sind.\r\n    <\/p>\r\n\r\n    <!-- VALUES -->\r\n    <div class=\"tadro-about__card\">\r\n      <h2 class=\"tadro-about__h\">Wir stehen f\u00fcr<\/h2>\r\n      <ul class=\"tadro-about__ul\">\r\n        <li>klare Formulierungen<\/li>\r\n        <li>reine Rohstoffe<\/li>\r\n        <li>wissenschaftlich fundierte Dosierungen<\/li>\r\n        <li>Transparenz & Qualit\u00e4t<\/li>\r\n        <li>moderne, anwenderfreundliche Produkte<\/li>\r\n      <\/ul>\r\n    <\/div>\r\n\r\n    <div class=\"tadro-about__divider\"><\/div>\r\n\r\n    <!-- HEALTH SECTION WITH IMAGE -->\r\n    <div class=\"tadro-about__split\">\r\n      <div class=\"tadro-about__text\">\r\n        <h2 class=\"tadro-about__h\">Gesundheit ist kein Zufall.<\/h2>\r\n        <p class=\"tadro-about__p\">\r\n          Sie entsteht im Alltag \u2013 im Gleichgewicht zwischen Arbeit, Ern\u00e4hrung,\r\n          Stress, Erholung und mentalem Wohlbefinden.\r\n        <\/p>\r\n        <p class=\"tadro-about__p\">\r\n          Genau hier setzt TADRO an. Wir entwickeln Nahrungserg\u00e4nzungsmittel,\r\n          die wissenschaftlich sinnvoll, hochrein, ehrlich formuliert und f\u00fcr den\r\n          echten Alltag gemacht sind.\r\n        <\/p>\r\n      <\/div>\r\n      <div class=\"tadro-about__image\">\r\n        <img decoding=\"async\" src=\"https:\/\/tadro.at\/wp-content\/uploads\/2026\/03\/about1.png\" alt=\"Gesundheit\">\r\n      <\/div>\r\n    <\/div>\r\n\r\n    <!-- VISION + QUALITY -->\r\n    <div class=\"tadro-about__grid\">\r\n\r\n      <div class=\"tadro-about__card\">\r\n        <img decoding=\"async\" class=\"tadro-about__card-img\" src=\"https:\/\/tadro.at\/wp-content\/uploads\/2026\/03\/e4a88ef3-30c8-4987-9a70-249c8abd134e.jpg\" alt=\"Vision\">\r\n        <h2 class=\"tadro-about__h\">Unsere Vision<\/h2>\r\n        <p class=\"tadro-about__p\">\r\n          Hochwertige, klinisch durchdachte und alltagstaugliche Gesundheitsprodukte \u2013\r\n          hergestellt in \u00d6sterreich f\u00fcr die Welt.\r\n        <\/p>\r\n      <\/div>\r\n\r\n      <div class=\"tadro-about__card\">\r\n        <img decoding=\"async\" class=\"tadro-about__card-img\" src=\"https:\/\/tadro.at\/wp-content\/uploads\/2026\/03\/ChatGPT-Image-7.-Marz-2026-17_02_42.png\" alt=\"Qualit\u00e4t\">\r\n        <h2 class=\"tadro-about__h\">Qualit\u00e4t & Herstellung<\/h2>\r\n        <ul class=\"tadro-about__check\">\r\n          <li>GMP- und ISO-22000-zertifizierte Produktion<\/li>\r\n          <li>Jede Charge wird laborgepr\u00fcft<\/li>\r\n          <li>H\u00f6chste Rohstoffreinheit<\/li>\r\n          <li>Hohe Bioverf\u00fcgbarkeit<\/li>\r\n          <li>Nachhaltige Lieferketten<\/li>\r\n          <li>Frei von unn\u00f6tigen Zusatzstoffen<\/li>\r\n          <li>So oft wie m\u00f6glich: vegan, glutenfrei, laktosefrei<\/li>\r\n        <\/ul>\r\n      <\/div>\r\n\r\n    <\/div>\r\n\r\n    <h6 class=\"tadro-about__closing\">\r\n      Unsere Qualit\u00e4t beginnt bei der Wissenschaft und endet beim sp\u00fcrbaren Ergebnis.\r\n    <\/h6>\r\n\r\n  <\/div>\r\n<\/section>\r\n\r\n<style>\r\n@import url('https:\/\/fonts.googleapis.com\/css2?family=Cinzel+Decorative:wght@400&display=swap');\r\n\r\n:root{\r\n  --tadro-bg:#f6f0e8;\r\n  --tadro-ink:#402d1d;\r\n  --tadro-gold:#d8c08a;\r\n}\r\n\r\n.tadro-about{\r\n  width:100vw;\r\n  margin-left:calc(50% - 50vw);\r\n  background:var(--tadro-bg);\r\n  padding:clamp(40px,6vw,90px) 0;\r\n}\r\n\r\n.tadro-about__inner{\r\n  width:min(1100px,92vw);\r\n  margin:0 auto;\r\n}\r\n\r\n\/* HERO IMAGE *\/\r\n.tadro-about__hero{\r\n  margin-bottom:30px;\r\n}\r\n.tadro-about__hero img{\r\n  width:100%;\r\n  height:400px;\r\n  object-fit:cover;\r\n  border-radius:6px;\r\n}\r\n\r\n\/* Title *\/\r\n.tadro-about__title{\r\n  font-family:'Cinzel Decorative',serif;\r\n  font-size:clamp(32px,4vw,60px);\r\n  letter-spacing:.14em;\r\n  color:var(--tadro-ink);\r\n  margin:0 0 20px;\r\n}\r\n\r\n\/* Text *\/\r\n.tadro-about__lead,\r\n.tadro-about__p{\r\n  font-family:'Cinzel Decorative',serif;\r\n  color:rgba(64,45,29,.88);\r\n  line-height:1.9;\r\n  font-size:16px;\r\n  margin-bottom:14px;\r\n}\r\n\r\n.tadro-about__h{\r\n  font-family:'Cinzel Decorative',serif;\r\n  letter-spacing:.1em;\r\n  font-size:18px;\r\n  color:var(--tadro-ink);\r\n  margin-bottom:12px;\r\n}\r\n\r\n\/* Cards *\/\r\n.tadro-about__card{\r\n  background:rgba(255,255,255,.35);\r\n  border:1px solid rgba(64,45,29,.1);\r\n  padding:20px;\r\n}\r\n\r\n.tadro-about__card-img{\r\n  width:100%;\r\n  height:180px;\r\n  object-fit:cover;\r\n  margin-bottom:15px;\r\n  border-radius:4px;\r\n}\r\n\r\n\/* Split section *\/\r\n.tadro-about__split{\r\n  display:grid;\r\n  grid-template-columns:1fr 1fr;\r\n  gap:30px;\r\n  margin:30px 0;\r\n}\r\n.tadro-about__image img{\r\n  width:100%;\r\n  height:320px;\r\n  object-fit:cover;\r\n  border-radius:6px;\r\n}\r\n\r\n\/* Grid *\/\r\n.tadro-about__grid{\r\n  display:grid;\r\n  grid-template-columns:1fr 1fr;\r\n  gap:25px;\r\n  margin-top:20px;\r\n}\r\n\r\n\/* Lists *\/\r\n.tadro-about__ul{\r\n  padding-left:20px;\r\n}\r\n.tadro-about__ul li{\r\n  font-family:'Cinzel Decorative',serif;\r\n  margin:8px 0;\r\n}\r\n\r\n.tadro-about__check{\r\n  list-style:none;\r\n  padding:0;\r\n}\r\n.tadro-about__check li{\r\n  position:relative;\r\n  padding-left:25px;\r\n  margin:8px 0;\r\n  font-family:'Avenir Next',serif;\r\n}\r\n.tadro-about__check li:before{\r\n  content:\"\u2713\";\r\n  position:absolute;\r\n  left:0;\r\n  color:var(--tadro-gold);\r\n}\r\n\r\n\/* Divider *\/\r\n.tadro-about__divider{\r\n  height:1px;\r\n  background:linear-gradient(90deg,transparent,var(--tadro-gold),transparent);\r\n  margin:30px 0;\r\n}\r\n\r\n\/* Closing *\/\r\n.tadro-about__closing{\r\n  margin-top:30px;\r\n  padding:20px;\r\n  border-left:3px solid var(--tadro-gold);\r\n  background:rgba(255,255,255,.35);\r\n  font-family:'Cinzel Decorative',serif;\r\n  font-size: 14px;\r\n}\r\n\r\n\/* Responsive *\/\r\n@media(max-width:900px){\r\n  .tadro-about__split,\r\n  .tadro-about__grid{\r\n    grid-template-columns:1fr;\r\n  }\r\n  .tadro-about__hero img{\r\n    height:260px;\r\n  }\r\n}\r\n<\/style>\t\t\t\t<\/div>\n\t\t\t\t\t<\/div>\n\t\t\t\t<\/div>\n\t\t\t\t<\/div>","protected":false},"excerpt":{"rendered":"<p>\u00dcber Uns TADRO ist eine \u00f6sterreichische Premium-Marke f\u00fcr Nahrungserg\u00e4nzungsmittel und funktionelle Gesundheitsl\u00f6sungen. Wir arbeiten mit \u00c4rzt:innen, Pharmazeut:innen und Ern\u00e4hrungswissenschaftler:innen zusammen, um moderne, alltagstaugliche Formulierungen zu schaffen. Unsere Mission ist es, Produkte zu entwickeln, die wirksam, vertr\u00e4glich, verst\u00e4ndlich und vertrauensw\u00fcrdig sind. Wir stehen f\u00fcr klare Formulierungen reine Rohstoffe wissenschaftlich fundierte Dosierungen Transparenz &#038;&#8230;<\/p>","protected":false},"author":1,"featured_media":0,"parent":0,"menu_order":0,"comment_status":"closed","ping_status":"closed","template":"","meta":{"_acf_changed":false,"content-type":"","footnotes":""},"class_list":["post-4943","page","type-page","status-publish","hentry"],"acf":[],"_links":{"self":[{"href":"https:\/\/tadro.at\/en\/wp-json\/wp\/v2\/pages\/4943","targetHints":{"allow":["GET"]}}],"collection":[{"href":"https:\/\/tadro.at\/en\/wp-json\/wp\/v2\/pages"}],"about":[{"href":"https:\/\/tadro.at\/en\/wp-json\/wp\/v2\/types\/page"}],"author":[{"embeddable":true,"href":"https:\/\/tadro.at\/en\/wp-json\/wp\/v2\/users\/1"}],"replies":[{"embeddable":true,"href":"https:\/\/tadro.at\/en\/wp-json\/wp\/v2\/comments?post=4943"}],"version-history":[{"count":19,"href":"https:\/\/tadro.at\/en\/wp-json\/wp\/v2\/pages\/4943\/revisions"}],"predecessor-version":[{"id":5195,"href":"https:\/\/tadro.at\/en\/wp-json\/wp\/v2\/pages\/4943\/revisions\/5195"}],"wp:attachment":[{"href":"https:\/\/tadro.at\/en\/wp-json\/wp\/v2\/media?parent=4943"}],"curies":[{"name":"wp","href":"https:\/\/api.w.org\/{rel}","templated":true}]}}