{"id":4973,"date":"2026-03-04T21:59:58","date_gmt":"2026-03-04T21:59:58","guid":{"rendered":"https:\/\/tadro.at\/?page_id=4973"},"modified":"2026-03-06T20:08:48","modified_gmt":"2026-03-06T20:08:48","slug":"e-shop","status":"publish","type":"page","link":"https:\/\/tadro.at\/en\/e-shop\/","title":{"rendered":"E-Shop"},"content":{"rendered":"<div data-elementor-type=\"wp-page\" data-elementor-id=\"4973\" class=\"elementor elementor-4973\" data-elementor-post-type=\"page\">\n\t\t\t\t<div class=\"elementor-element elementor-element-24935e2 e-flex e-con-boxed parallax_section_no qode_elementor_container_no e-con e-parent\" data-id=\"24935e2\" data-element_type=\"container\" data-e-type=\"container\">\n\t\t\t\t\t<div class=\"e-con-inner\">\n\t\t\t\t<div class=\"elementor-element elementor-element-ec65194 elementor-widget elementor-widget-html\" data-id=\"ec65194\" data-element_type=\"widget\" data-e-type=\"widget\" data-widget_type=\"html.default\">\n\t\t\t\t\t<section class=\"tadro-shopsoon\" aria-label=\"Shop kommt bald\">\r\n  <div class=\"tadro-shopsoon__inner\">\r\n\r\n    <div class=\"tadro-shopsoon__hero\">\r\n      <img decoding=\"async\" src=\"https:\/\/tadro.at\/wp-content\/uploads\/2026\/03\/hero-about.png\" alt=\"TADRO Shop\">\r\n    <\/div>\r\n\r\n    <div class=\"tadro-shopsoon__eyebrow\">Shop<\/div>\r\n    <h1 class=\"tadro-shopsoon__title\">Kommt bald<\/h1>\r\n\r\n    <h6 class=\"tadro-shopsoon__lead\">\r\n      Unser Online-Shop befindet sich aktuell noch im Aufbau. Wir arbeiten gerade daran, alles f\u00fcr Sie vorzubereiten \u2013\r\n      damit Ihr Einkauf sp\u00e4ter reibungslos, sicher und transparent funktioniert.\r\n    <\/h6>\r\n\r\n    <!--<div class=\"tadro-shopsoon__card\">-->\r\n    <!--  <h2 class=\"tadro-shopsoon__h\">Aktueller Status<\/h2>-->\r\n    <!--  <ul class=\"tadro-shopsoon__ul\">-->\r\n    <!--    <li>Produktseiten & Informationen werden finalisiert<\/li>-->\r\n    <!--    <li>Zahlungsarten & Checkout werden getestet<\/li>-->\r\n    <!--    <li>Versand- und Logistikabl\u00e4ufe werden abgestimmt<\/li>-->\r\n    <!--    <li>Qualit\u00e4ts- und Chargenpr\u00fcfungen werden abgeschlossen<\/li>-->\r\n    <!--  <\/ul>-->\r\n    <!--<\/div>-->\r\n    <br>\r\n\r\n    <div class=\"tadro-shopsoon__divider\"><\/div>\r\n\r\n    <br>\r\n    <div class=\"tadro-shopsoon__note\">\r\n      <strong>Danke f\u00fcr Ihre Geduld.<\/strong><br>\r\n      <p>Bald k\u00f6nnen Sie TADRO-Produkte direkt hier bestellen.<\/p>\r\n    <\/div>\r\n\r\n  <\/div>\r\n<\/section>\r\n\r\n<style>\r\n@import url('https:\/\/fonts.googleapis.com\/css2?family=Cinzel+Decorative:wght@400&display=swap');\r\n\r\n:root{\r\n  --tadro-bg:#f6f0e8;\r\n  --tadro-bg-2:#f1e7da;\r\n  --tadro-ink:#402d1d;\r\n  --tadro-gold:#d8c08a;\r\n}\r\n\r\n.tadro-shopsoon{\r\n  width:100vw;\r\n  margin-left:calc(50% - 50vw);\r\n  background:var(--tadro-bg);\r\n  padding:clamp(40px,6vw,90px) 0;\r\n}\r\n\r\n.tadro-shopsoon__inner{\r\n  width:min(1100px,92vw);\r\n  margin:0 auto;\r\n  text-align:center;\r\n}\r\n\r\n.tadro-shopsoon__hero{ margin-bottom:30px; }\r\n.tadro-shopsoon__hero img{\r\n  width:100%;\r\n  height:420px;\r\n  object-fit:cover;\r\n  border-radius:10px;\r\n}\r\n\r\n.tadro-shopsoon__eyebrow{\r\n  font-family:'Cinzel Decorative',serif;\r\n  letter-spacing:.18em;\r\n  color: rgba(64,45,29,0.55);\r\n  margin: 0 0 10px;\r\n  font-size: 16px;\r\n  text-transform:none !important;\r\n}\r\n\r\n.tadro-shopsoon__title{\r\n  font-family:'Cinzel Decorative',serif;\r\n  font-size:clamp(34px,4vw,64px);\r\n  letter-spacing:.16em;\r\n  color:var(--tadro-ink);\r\n  margin:0 0 18px;\r\n  text-transform:none !important;\r\n}\r\n\r\n.tadro-shopsoon__lead{\r\n  font-family:'Cinzel Decorative',serif;\r\n  color:rgba(64,45,29,.86);\r\n  line-height:1.95;\r\n  font-size:15px;\r\n  max-width: 900px;\r\n  margin: 0 auto 22px;\r\n}\r\n\r\n.tadro-shopsoon__card{\r\n  width: min(860px, 100%);\r\n  margin: 0 auto;\r\n  text-align:left;\r\n  background: rgba(255,255,255,.42);\r\n  border: 1px solid rgba(64,45,29,.12);\r\n  border-radius: 14px;\r\n  padding: 18px 18px 14px;\r\n  box-shadow: 0 10px 30px rgba(0,0,0,.04);\r\n}\r\n\r\n.tadro-shopsoon__h{\r\n  font-family:'Cinzel Decorative',serif;\r\n  letter-spacing:.12em;\r\n  color:var(--tadro-ink);\r\n  font-size:16px;\r\n  margin: 0 0 12px;\r\n}\r\n\r\n.tadro-shopsoon__ul{\r\n  margin: 0;\r\n  padding-left: 18px;\r\n}\r\n.tadro-shopsoon__ul li{\r\n  font-family:'Cinzel Decorative',serif;\r\n  color:rgba(64,45,29,.85);\r\n  line-height:1.9;\r\n  font-size:14px;\r\n  margin: 8px 0;\r\n}\r\n\r\n.tadro-shopsoon__divider{\r\n  height:1px;\r\n  background:linear-gradient(90deg,transparent,var(--tadro-gold),transparent);\r\n  margin:30px 0;\r\n}\r\n\r\n.tadro-shopsoon__note{\r\n  width: min(860px, 100%);\r\n  margin: 0 auto;\r\n  text-align:left;\r\n  padding: 18px;\r\n  border-left: 3px solid var(--tadro-gold);\r\n  border-radius: 10px;\r\n  background: rgba(255,255,255,.35);\r\n  font-family:'Cinzel Decorative',serif;\r\n  color:rgba(64,45,29,.86);\r\n  line-height:1.9;\r\n  box-shadow: 0 10px 30px rgba(0,0,0,.03);\r\n}\r\n\r\n@media(max-width:900px){\r\n  .tadro-shopsoon__hero img{ height:280px; }\r\n}\r\n<\/style>\t\t\t\t<\/div>\n\t\t\t\t\t<\/div>\n\t\t\t\t<\/div>\n\t\t\t\t<\/div>","protected":false},"excerpt":{"rendered":"<p>Shop Kommt bald Unser Online-Shop befindet sich aktuell noch im Aufbau. Wir arbeiten gerade daran, alles f\u00fcr Sie vorzubereiten \u2013 damit Ihr Einkauf sp\u00e4ter reibungslos, sicher und transparent funktioniert. Danke f\u00fcr Ihre Geduld. Bald k\u00f6nnen Sie TADRO-Produkte direkt hier bestellen.<\/p>","protected":false},"author":1,"featured_media":0,"parent":0,"menu_order":0,"comment_status":"closed","ping_status":"closed","template":"","meta":{"_acf_changed":false,"content-type":"","footnotes":""},"class_list":["post-4973","page","type-page","status-publish","hentry"],"acf":[],"_links":{"self":[{"href":"https:\/\/tadro.at\/en\/wp-json\/wp\/v2\/pages\/4973","targetHints":{"allow":["GET"]}}],"collection":[{"href":"https:\/\/tadro.at\/en\/wp-json\/wp\/v2\/pages"}],"about":[{"href":"https:\/\/tadro.at\/en\/wp-json\/wp\/v2\/types\/page"}],"author":[{"embeddable":true,"href":"https:\/\/tadro.at\/en\/wp-json\/wp\/v2\/users\/1"}],"replies":[{"embeddable":true,"href":"https:\/\/tadro.at\/en\/wp-json\/wp\/v2\/comments?post=4973"}],"version-history":[{"count":16,"href":"https:\/\/tadro.at\/en\/wp-json\/wp\/v2\/pages\/4973\/revisions"}],"predecessor-version":[{"id":5080,"href":"https:\/\/tadro.at\/en\/wp-json\/wp\/v2\/pages\/4973\/revisions\/5080"}],"wp:attachment":[{"href":"https:\/\/tadro.at\/en\/wp-json\/wp\/v2\/media?parent=4973"}],"curies":[{"name":"wp","href":"https:\/\/api.w.org\/{rel}","templated":true}]}}